{"id":7,"date":"2024-10-21T12:06:51","date_gmt":"2024-10-21T15:06:51","guid":{"rendered":"http:\/\/royalgas.com.br\/?page_id=7"},"modified":"2024-10-21T12:16:49","modified_gmt":"2024-10-21T15:16:49","slug":"home","status":"publish","type":"page","link":"https:\/\/royalgas.com.br\/","title":{"rendered":"Home"},"content":{"rendered":"\t\t<div data-elementor-type=\"wp-page\" data-elementor-id=\"7\" class=\"elementor elementor-7\">\n\t\t\t\t<div class=\"elementor-element elementor-element-564b863 e-flex e-con-boxed e-con e-parent\" data-id=\"564b863\" data-element_type=\"container\">\n\t\t\t\t\t<div class=\"e-con-inner\">\n\t\t\t\t<div class=\"elementor-element elementor-element-50f8e00d elementor-widget elementor-widget-image\" data-id=\"50f8e00d\" data-element_type=\"widget\" data-widget_type=\"image.default\">\n\t\t\t\t<div class=\"elementor-widget-container\">\n\t\t\t\t\t\t\t\t\t\t\t\t\t<img decoding=\"async\" width=\"240\" height=\"90\" src=\"http:\/\/royalgas.com.br\/wp-content\/uploads\/2024\/10\/Royal-Gas.jpg\" class=\"attachment-medium size-medium wp-image-33\" alt=\"\" \/>\t\t\t\t\t\t\t\t\t\t\t\t\t<\/div>\n\t\t\t\t<\/div>\n\t\t\t\t\t<\/div>\n\t\t\t\t<\/div>\n\t\t<div class=\"elementor-element elementor-element-1a94c15e e-flex e-con-boxed e-con e-parent\" data-id=\"1a94c15e\" data-element_type=\"container\">\n\t\t\t\t\t<div class=\"e-con-inner\">\n\t\t\t\t<div class=\"elementor-element elementor-element-b389442 elementor-widget elementor-widget-heading\" data-id=\"b389442\" data-element_type=\"widget\" data-widget_type=\"heading.default\">\n\t\t\t\t<div class=\"elementor-widget-container\">\n\t\t\t<h3 class=\"elementor-heading-title elementor-size-default\">REVENDA LEGAL <br>\nCERTIFICADA PELA ANP<br>\nEMPRESA CONSOLIDADA COM SEDE PR\u00d3PRIA<\/h3>\t\t<\/div>\n\t\t\t\t<\/div>\n\t\t\t\t\t<\/div>\n\t\t\t\t<\/div>\n\t\t<div class=\"elementor-element elementor-element-6d516e1f e-flex e-con-boxed e-con e-parent\" data-id=\"6d516e1f\" data-element_type=\"container\">\n\t\t\t\t\t<div class=\"e-con-inner\">\n\t\t\t\t<div class=\"elementor-element elementor-element-85f6b1e elementor-widget elementor-widget-image\" data-id=\"85f6b1e\" data-element_type=\"widget\" data-widget_type=\"image.default\">\n\t\t\t\t<div class=\"elementor-widget-container\">\n\t\t\t\t\t\t\t\t\t\t\t\t\t<img fetchpriority=\"high\" decoding=\"async\" width=\"300\" height=\"211\" src=\"http:\/\/royalgas.com.br\/wp-content\/uploads\/2024\/10\/Certificado-Royal-Gas-768x540-1-300x211.png\" class=\"attachment-medium size-medium wp-image-31\" alt=\"\" srcset=\"http:\/\/royalgas.com.br\/wp-content\/uploads\/2024\/10\/Certificado-Royal-Gas-768x540-1-300x211.png 300w, http:\/\/royalgas.com.br\/wp-content\/uploads\/2024\/10\/Certificado-Royal-Gas-768x540-1.png 768w\" sizes=\"(max-width: 300px) 100vw, 300px\" \/>\t\t\t\t\t\t\t\t\t\t\t\t\t<\/div>\n\t\t\t\t<\/div>\n\t\t\t\t\t<\/div>\n\t\t\t\t<\/div>\n\t\t<div class=\"elementor-element elementor-element-54aa4c35 e-flex e-con-boxed e-con e-parent\" data-id=\"54aa4c35\" data-element_type=\"container\">\n\t\t\t\t\t<div class=\"e-con-inner\">\n\t\t\t\t<div class=\"elementor-element elementor-element-2b0348d2 elementor-widget elementor-widget-heading\" data-id=\"2b0348d2\" data-element_type=\"widget\" data-widget_type=\"heading.default\">\n\t\t\t\t<div class=\"elementor-widget-container\">\n\t\t\t<h3 class=\"elementor-heading-title elementor-size-default\">Certificado Nacional <br>\nG\u00e1s e Escola do G\u00e1s <br><\/h3>\t\t<\/div>\n\t\t\t\t<\/div>\n\t\t\t\t\t<\/div>\n\t\t\t\t<\/div>\n\t\t<div class=\"elementor-element elementor-element-60e20ed7 e-flex e-con-boxed e-con e-parent\" data-id=\"60e20ed7\" data-element_type=\"container\">\n\t\t\t\t\t<div class=\"e-con-inner\">\n\t\t\t\t<div class=\"elementor-element elementor-element-59be3725 elementor-widget elementor-widget-heading\" data-id=\"59be3725\" data-element_type=\"widget\" data-widget_type=\"heading.default\">\n\t\t\t\t<div class=\"elementor-widget-container\">\n\t\t\t<h3 class=\"elementor-heading-title elementor-size-default\">CREDIBILIDADE, SEGURAN\u00c7A E PONTUALIDADE<br>\nPEDIU, CHEGOU!<\/h3>\t\t<\/div>\n\t\t\t\t<\/div>\n\t\t\t\t\t<\/div>\n\t\t\t\t<\/div>\n\t\t<div class=\"elementor-element elementor-element-2339fe3a e-flex e-con-boxed e-con e-parent\" data-id=\"2339fe3a\" data-element_type=\"container\">\n\t\t\t\t\t<div class=\"e-con-inner\">\n\t\t\t\t<div class=\"elementor-element elementor-element-6d8b92a5 elementor-widget elementor-widget-heading\" data-id=\"6d8b92a5\" data-element_type=\"widget\" data-widget_type=\"heading.default\">\n\t\t\t\t<div class=\"elementor-widget-container\">\n\t\t\t<h3 class=\"elementor-heading-title elementor-size-default\">(27) 3389-9521 <br>\n(27) 99983-0053 - Whatsapp<br><\/h3>\t\t<\/div>\n\t\t\t\t<\/div>\n\t\t\t\t\t<\/div>\n\t\t\t\t<\/div>\n\t\t<div class=\"elementor-element elementor-element-4b1be1e2 e-flex e-con-boxed e-con e-parent\" data-id=\"4b1be1e2\" data-element_type=\"container\">\n\t\t\t\t\t<div class=\"e-con-inner\">\n\t\t\t\t<div class=\"elementor-element elementor-element-2a2918fc elementor-align-center elementor-widget elementor-widget-button\" data-id=\"2a2918fc\" data-element_type=\"widget\" data-widget_type=\"button.default\">\n\t\t\t\t<div class=\"elementor-widget-container\">\n\t\t\t\t\t<div class=\"elementor-button-wrapper\">\n\t\t\t<a class=\"elementor-button elementor-button-link elementor-size-sm\" href=\"https:\/\/api.whatsapp.com\/send?1=pt_BR&#038;phone=552799983-0053&#038;text=Quero%20fazer%20um%20pedido!\" target=\"_blank\">\n\t\t\t\t\t\t<span class=\"elementor-button-content-wrapper\">\n\t\t\t\t\t\t\t\t\t<span class=\"elementor-button-text\">Pedir por Whatsapp<\/span>\n\t\t\t\t\t<\/span>\n\t\t\t\t\t<\/a>\n\t\t<\/div>\n\t\t\t\t<\/div>\n\t\t\t\t<\/div>\n\t\t\t\t\t<\/div>\n\t\t\t\t<\/div>\n\t\t<div class=\"elementor-element elementor-element-66a54b64 e-flex e-con-boxed e-con e-parent\" data-id=\"66a54b64\" data-element_type=\"container\">\n\t\t\t\t\t<div class=\"e-con-inner\">\n\t\t<div class=\"elementor-element elementor-element-59e7fb29 e-con-full e-flex e-con e-child\" data-id=\"59e7fb29\" data-element_type=\"container\">\n\t\t\t\t<div class=\"elementor-element elementor-element-16f0ed25 elementor-widget elementor-widget-image\" data-id=\"16f0ed25\" data-element_type=\"widget\" data-widget_type=\"image.default\">\n\t\t\t\t<div class=\"elementor-widget-container\">\n\t\t\t\t\t\t\t\t\t\t\t\t\t<img decoding=\"async\" width=\"768\" height=\"346\" src=\"http:\/\/royalgas.com.br\/wp-content\/uploads\/2024\/10\/1-768x346-1.jpg\" class=\"attachment-large size-large wp-image-28\" alt=\"\" srcset=\"http:\/\/royalgas.com.br\/wp-content\/uploads\/2024\/10\/1-768x346-1.jpg 768w, http:\/\/royalgas.com.br\/wp-content\/uploads\/2024\/10\/1-768x346-1-300x135.jpg 300w\" sizes=\"(max-width: 768px) 100vw, 768px\" \/>\t\t\t\t\t\t\t\t\t\t\t\t\t<\/div>\n\t\t\t\t<\/div>\n\t\t\t\t<div class=\"elementor-element elementor-element-2e81f8a3 elementor-widget elementor-widget-heading\" data-id=\"2e81f8a3\" data-element_type=\"widget\" data-widget_type=\"heading.default\">\n\t\t\t\t<div class=\"elementor-widget-container\">\n\t\t\t<h5 class=\"elementor-heading-title elementor-size-default\">Royal G\u00e1s<\/h5>\t\t<\/div>\n\t\t\t\t<\/div>\n\t\t\t\t<div class=\"elementor-element elementor-element-510f196d elementor-widget elementor-widget-text-editor\" data-id=\"510f196d\" data-element_type=\"widget\" data-widget_type=\"text-editor.default\">\n\t\t\t\t<div class=\"elementor-widget-container\">\n\t\t\t\t\t\t\t<p>Empresa certificada pela ANP,<br \/>com sede pr\u00f3pria e consolidada no mercado.<\/p>\t\t\t\t\t\t<\/div>\n\t\t\t\t<\/div>\n\t\t\t\t<\/div>\n\t\t<div class=\"elementor-element elementor-element-1b00be5d e-con-full e-flex e-con e-child\" data-id=\"1b00be5d\" data-element_type=\"container\">\n\t\t\t\t<div class=\"elementor-element elementor-element-3ad716de elementor-widget elementor-widget-image\" data-id=\"3ad716de\" data-element_type=\"widget\" data-widget_type=\"image.default\">\n\t\t\t\t<div class=\"elementor-widget-container\">\n\t\t\t\t\t\t\t\t\t\t\t\t\t<img loading=\"lazy\" decoding=\"async\" width=\"768\" height=\"346\" src=\"http:\/\/royalgas.com.br\/wp-content\/uploads\/2024\/10\/3-768x346-1.jpg\" class=\"attachment-large size-large wp-image-30\" alt=\"\" srcset=\"http:\/\/royalgas.com.br\/wp-content\/uploads\/2024\/10\/3-768x346-1.jpg 768w, http:\/\/royalgas.com.br\/wp-content\/uploads\/2024\/10\/3-768x346-1-300x135.jpg 300w\" sizes=\"(max-width: 768px) 100vw, 768px\" \/>\t\t\t\t\t\t\t\t\t\t\t\t\t<\/div>\n\t\t\t\t<\/div>\n\t\t\t\t<div class=\"elementor-element elementor-element-1d1b8837 elementor-widget elementor-widget-heading\" data-id=\"1d1b8837\" data-element_type=\"widget\" data-widget_type=\"heading.default\">\n\t\t\t\t<div class=\"elementor-widget-container\">\n\t\t\t<h5 class=\"elementor-heading-title elementor-size-default\">Endere\u00e7o<\/h5>\t\t<\/div>\n\t\t\t\t<\/div>\n\t\t\t\t<div class=\"elementor-element elementor-element-8e14997 elementor-widget elementor-widget-text-editor\" data-id=\"8e14997\" data-element_type=\"widget\" data-widget_type=\"text-editor.default\">\n\t\t\t\t<div class=\"elementor-widget-container\">\n\t\t\t\t\t\t\t<p>Rodovia do Sol, n\u00ba 3100 \u2013 Praia de Itaparica<br \/>Vila Velha \u2013 ES | Cep. 29.102-020<\/p>\t\t\t\t\t\t<\/div>\n\t\t\t\t<\/div>\n\t\t\t\t<\/div>\n\t\t<div class=\"elementor-element elementor-element-10f0bc7a e-con-full e-flex e-con e-child\" data-id=\"10f0bc7a\" data-element_type=\"container\">\n\t\t\t\t<div class=\"elementor-element elementor-element-7b27e09b elementor-widget elementor-widget-image\" data-id=\"7b27e09b\" data-element_type=\"widget\" data-widget_type=\"image.default\">\n\t\t\t\t<div class=\"elementor-widget-container\">\n\t\t\t\t\t\t\t\t\t\t\t\t\t<img loading=\"lazy\" decoding=\"async\" width=\"768\" height=\"346\" src=\"http:\/\/royalgas.com.br\/wp-content\/uploads\/2024\/10\/2-768x346-1.jpg\" class=\"attachment-large size-large wp-image-29\" alt=\"\" srcset=\"http:\/\/royalgas.com.br\/wp-content\/uploads\/2024\/10\/2-768x346-1.jpg 768w, http:\/\/royalgas.com.br\/wp-content\/uploads\/2024\/10\/2-768x346-1-300x135.jpg 300w\" sizes=\"(max-width: 768px) 100vw, 768px\" \/>\t\t\t\t\t\t\t\t\t\t\t\t\t<\/div>\n\t\t\t\t<\/div>\n\t\t\t\t<div class=\"elementor-element elementor-element-4e63f3fd elementor-widget elementor-widget-heading\" data-id=\"4e63f3fd\" data-element_type=\"widget\" data-widget_type=\"heading.default\">\n\t\t\t\t<div class=\"elementor-widget-container\">\n\t\t\t<h5 class=\"elementor-heading-title elementor-size-default\">Contatos<\/h5>\t\t<\/div>\n\t\t\t\t<\/div>\n\t\t\t\t<div class=\"elementor-element elementor-element-70127999 elementor-widget elementor-widget-text-editor\" data-id=\"70127999\" data-element_type=\"widget\" data-widget_type=\"text-editor.default\">\n\t\t\t\t<div class=\"elementor-widget-container\">\n\t\t\t\t\t\t\t<p>(27) 3389-9521<br \/>(27)\u00a0<strong>99983-0053 \u2013 Zap<\/strong><\/p>\t\t\t\t\t\t<\/div>\n\t\t\t\t<\/div>\n\t\t\t\t<\/div>\n\t\t\t\t\t<\/div>\n\t\t\t\t<\/div>\n\t\t\t\t<\/div>\n\t\t","protected":false},"excerpt":{"rendered":"<p>REVENDA LEGAL CERTIFICADA PELA ANP EMPRESA CONSOLIDADA COM SEDE PR\u00d3PRIA Certificado Nacional G\u00e1s e Escola do G\u00e1s CREDIBILIDADE, SEGURAN\u00c7A E [&hellip;]<\/p>\n","protected":false},"author":1,"featured_media":0,"parent":0,"menu_order":0,"comment_status":"closed","ping_status":"closed","template":"","meta":{"site-sidebar-layout":"no-sidebar","site-content-layout":"plain-container","ast-site-content-layout":"","site-content-style":"default","site-sidebar-style":"default","ast-global-header-display":"","ast-banner-title-visibility":"","ast-main-header-display":"","ast-hfb-above-header-display":"","ast-hfb-below-header-display":"","ast-hfb-mobile-header-display":"","site-post-title":"disabled","ast-breadcrumbs-content":"","ast-featured-img":"","footer-sml-layout":"","theme-transparent-header-meta":"enabled","adv-header-id-meta":"","stick-header-meta":"","header-above-stick-meta":"","header-main-stick-meta":"","header-below-stick-meta":"","astra-migrate-meta-layouts":"default","ast-page-background-enabled":"default","ast-page-background-meta":{"desktop":{"background-color":"var(--ast-global-color-4)","background-image":"","background-repeat":"repeat","background-position":"center center","background-size":"auto","background-attachment":"scroll","background-type":"","background-media":"","overlay-type":"","overlay-color":"","overlay-opacity":"","overlay-gradient":""},"tablet":{"background-color":"","background-image":"","background-repeat":"repeat","background-position":"center center","background-size":"auto","background-attachment":"scroll","background-type":"","background-media":"","overlay-type":"","overlay-color":"","overlay-opacity":"","overlay-gradient":""},"mobile":{"background-color":"","background-image":"","background-repeat":"repeat","background-position":"center center","background-size":"auto","background-attachment":"scroll","background-type":"","background-media":"","overlay-type":"","overlay-color":"","overlay-opacity":"","overlay-gradient":""}},"ast-content-background-meta":{"desktop":{"background-color":"var(--ast-global-color-5)","background-image":"","background-repeat":"repeat","background-position":"center center","background-size":"auto","background-attachment":"scroll","background-type":"","background-media":"","overlay-type":"","overlay-color":"","overlay-opacity":"","overlay-gradient":""},"tablet":{"background-color":"var(--ast-global-color-5)","background-image":"","background-repeat":"repeat","background-position":"center center","background-size":"auto","background-attachment":"scroll","background-type":"","background-media":"","overlay-type":"","overlay-color":"","overlay-opacity":"","overlay-gradient":""},"mobile":{"background-color":"var(--ast-global-color-5)","background-image":"","background-repeat":"repeat","background-position":"center center","background-size":"auto","background-attachment":"scroll","background-type":"","background-media":"","overlay-type":"","overlay-color":"","overlay-opacity":"","overlay-gradient":""}},"footnotes":""},"class_list":["post-7","page","type-page","status-publish","hentry"],"_links":{"self":[{"href":"https:\/\/royalgas.com.br\/index.php\/wp-json\/wp\/v2\/pages\/7","targetHints":{"allow":["GET"]}}],"collection":[{"href":"https:\/\/royalgas.com.br\/index.php\/wp-json\/wp\/v2\/pages"}],"about":[{"href":"https:\/\/royalgas.com.br\/index.php\/wp-json\/wp\/v2\/types\/page"}],"author":[{"embeddable":true,"href":"https:\/\/royalgas.com.br\/index.php\/wp-json\/wp\/v2\/users\/1"}],"replies":[{"embeddable":true,"href":"https:\/\/royalgas.com.br\/index.php\/wp-json\/wp\/v2\/comments?post=7"}],"version-history":[{"count":7,"href":"https:\/\/royalgas.com.br\/index.php\/wp-json\/wp\/v2\/pages\/7\/revisions"}],"predecessor-version":[{"id":40,"href":"https:\/\/royalgas.com.br\/index.php\/wp-json\/wp\/v2\/pages\/7\/revisions\/40"}],"wp:attachment":[{"href":"https:\/\/royalgas.com.br\/index.php\/wp-json\/wp\/v2\/media?parent=7"}],"curies":[{"name":"wp","href":"https:\/\/api.w.org\/{rel}","templated":true}]}}